{"id":11,"date":"2023-11-18T15:48:46","date_gmt":"2023-11-18T14:48:46","guid":{"rendered":"http:\/\/incognitoband.cz\/?page_id=11"},"modified":"2024-01-03T20:50:54","modified_gmt":"2024-01-03T19:50:54","slug":"o-nas","status":"publish","type":"page","link":"http:\/\/incognitoband.cz\/index.php\/o-nas\/","title":{"rendered":"O n\u00e1s"},"content":{"rendered":"\n<p>Jsme coverov\u00e1 kapela z Pod\u011bbrad. M\u00e1me \u0161irok\u00fd reperto\u00e1r skladeb z r\u016fzn\u00fdch dob a \u017e\u00e1nr\u016f. Hrajeme prost\u011b to, co n\u00e1s bav\u00ed. Origin\u00e1ln\u00ed tvorba je tak\u00e9 v procesu. R\u00e1di V\u00e1m zahrajeme na festivalu, kulturn\u00ed akci, maturitn\u00edm plese, svatb\u011b, oslav\u011b nebo jak\u00e9koliv jin\u00e9 ud\u00e1losti, kter\u00e1 si \u017e\u00e1d\u00e1 fajn hudebn\u00ed doprovod \ud83d\ude42<br><br>V p\u0159\u00edpad\u011b dotaz\u016f n\u00e1s kdykoliv kontaktujte.<\/p>\n\n\n\n<div class=\"wp-block-buttons is-layout-flex wp-block-buttons-is-layout-flex\">\n<div class=\"wp-block-button\"><a class=\"wp-block-button__link wp-element-button\" href=\"http:\/\/incognitoband.cz\/index.php\/kontakty\/\">Kontaktujte n\u00e1s<\/a><\/div>\n<\/div>\n","protected":false},"excerpt":{"rendered":"<p>Jsme coverov\u00e1 kapela z Pod\u011bbrad. M\u00e1me \u0161irok\u00fd reperto\u00e1r skladeb z r\u016fzn\u00fdch dob a \u017e\u00e1nr\u016f. Hrajeme prost\u011b to, co n\u00e1s bav\u00ed. Origin\u00e1ln\u00ed tvorba je tak\u00e9 v procesu. R\u00e1di V\u00e1m zahrajeme na festivalu, kulturn\u00ed akci, maturitn\u00edm plese, svatb\u011b, oslav\u011b nebo jak\u00e9koliv jin\u00e9 ud\u00e1losti, kter\u00e1 si \u017e\u00e1d\u00e1 fajn hudebn\u00ed doprovod \ud83d\ude42 V p\u0159\u00edpad\u011b dotaz\u016f n\u00e1s kdykoliv kontaktujte.<\/p>\n","protected":false},"author":2,"featured_media":0,"parent":0,"menu_order":0,"comment_status":"closed","ping_status":"closed","template":"","meta":{"_piecal_is_event":false,"_piecal_start_date":"","_piecal_end_date":"","_piecal_is_allday":false,"footnotes":""},"class_list":["post-11","page","type-page","status-publish","hentry"],"_links":{"self":[{"href":"http:\/\/incognitoband.cz\/index.php\/wp-json\/wp\/v2\/pages\/11","targetHints":{"allow":["GET"]}}],"collection":[{"href":"http:\/\/incognitoband.cz\/index.php\/wp-json\/wp\/v2\/pages"}],"about":[{"href":"http:\/\/incognitoband.cz\/index.php\/wp-json\/wp\/v2\/types\/page"}],"author":[{"embeddable":true,"href":"http:\/\/incognitoband.cz\/index.php\/wp-json\/wp\/v2\/users\/2"}],"replies":[{"embeddable":true,"href":"http:\/\/incognitoband.cz\/index.php\/wp-json\/wp\/v2\/comments?post=11"}],"version-history":[{"count":3,"href":"http:\/\/incognitoband.cz\/index.php\/wp-json\/wp\/v2\/pages\/11\/revisions"}],"predecessor-version":[{"id":757,"href":"http:\/\/incognitoband.cz\/index.php\/wp-json\/wp\/v2\/pages\/11\/revisions\/757"}],"wp:attachment":[{"href":"http:\/\/incognitoband.cz\/index.php\/wp-json\/wp\/v2\/media?parent=11"}],"curies":[{"name":"wp","href":"https:\/\/api.w.org\/{rel}","templated":true}]}}